{"id":44,"date":"2016-02-07T14:06:27","date_gmt":"2016-02-07T14:06:27","guid":{"rendered":"https:\/\/www.heshallcome.com\/de\/?page_id=44"},"modified":"2016-04-17T15:53:11","modified_gmt":"2016-04-17T15:53:11","slug":"rauchen-sie","status":"publish","type":"page","link":"https:\/\/www.heshallcome.com\/de\/artikel\/praktische-aspekte\/rauchen-sie\/","title":{"rendered":"Rauchen Sie?"},"content":{"rendered":"<p>Mein K\u00f6rper ist des HErrn Eigentum.<\/p>\n<p><a href=\"https:\/\/www.heshallcome.com\/de\/wp-content\/uploads\/sites\/4\/2016\/02\/ARST1957_DE.pdf\"rel=\"\">PDF herunterladen<\/a><\/p>\n<p>geschrieben von: Percy W. Heward<\/p>\n<p>ID: ARST1957<br \/>\nGr\u00f6\u00dfe: 2MB<\/p>\n","protected":false},"excerpt":{"rendered":"<p>Mein K\u00f6rper ist des HErrn Eigentum. PDF herunterladen geschrieben von: Percy W. Heward ID: ARST1957 Gr\u00f6\u00dfe: 2MB<\/p>\n","protected":false},"author":1,"featured_media":0,"parent":46,"menu_order":2,"comment_status":"closed","ping_status":"closed","template":"","meta":{"footnotes":""},"class_list":["post-44","page","type-page","status-publish","hentry"],"_links":{"self":[{"href":"https:\/\/www.heshallcome.com\/de\/wp-json\/wp\/v2\/pages\/44","targetHints":{"allow":["GET"]}}],"collection":[{"href":"https:\/\/www.heshallcome.com\/de\/wp-json\/wp\/v2\/pages"}],"about":[{"href":"https:\/\/www.heshallcome.com\/de\/wp-json\/wp\/v2\/types\/page"}],"author":[{"embeddable":true,"href":"https:\/\/www.heshallcome.com\/de\/wp-json\/wp\/v2\/users\/1"}],"replies":[{"embeddable":true,"href":"https:\/\/www.heshallcome.com\/de\/wp-json\/wp\/v2\/comments?post=44"}],"version-history":[{"count":4,"href":"https:\/\/www.heshallcome.com\/de\/wp-json\/wp\/v2\/pages\/44\/revisions"}],"predecessor-version":[{"id":57,"href":"https:\/\/www.heshallcome.com\/de\/wp-json\/wp\/v2\/pages\/44\/revisions\/57"}],"up":[{"embeddable":true,"href":"https:\/\/www.heshallcome.com\/de\/wp-json\/wp\/v2\/pages\/46"}],"wp:attachment":[{"href":"https:\/\/www.heshallcome.com\/de\/wp-json\/wp\/v2\/media?parent=44"}],"curies":[{"name":"wp","href":"https:\/\/api.w.org\/{rel}","templated":true}]}}