{"id":172,"date":"2024-10-29T03:36:13","date_gmt":"2024-10-29T03:36:13","guid":{"rendered":"https:\/\/www.heshallcome.com\/de\/?page_id=172"},"modified":"2024-10-29T03:39:55","modified_gmt":"2024-10-29T03:39:55","slug":"diagramm-der-zeiten-und-zeitpunkte","status":"publish","type":"page","link":"https:\/\/www.heshallcome.com\/de\/artikel\/prophetie\/diagramm-der-zeiten-und-zeitpunkte\/","title":{"rendered":"Diagramm der Zeiten und Zeitpunkte"},"content":{"rendered":"\n<p>Eine \u00dcbersicht f\u00fcr Bibelforscher.<\/p>\n\n\n\n<p><a href=\"https:\/\/www.heshallcome.com\/wp-content\/uploads\/2024\/10\/CHART01_DE.pdf\" data-type=\"URL\" data-id=\"https:\/\/www.heshallcome.com\/wp-content\/uploads\/2024\/10\/CHART01_DE.pdf\">PDF herunterladen<\/a><\/p>\n\n\n\n<p>geschrieben von: R. L. Wheeler<\/p>\n\n\n\n<p>ID: CHART01<br>Gr\u00f6\u00dfe: 2MB<\/p>\n","protected":false},"excerpt":{"rendered":"<p>Eine \u00dcbersicht f\u00fcr Bibelforscher. PDF herunterladen geschrieben von: R. L. Wheeler ID: CHART01Gr\u00f6\u00dfe: 2MB<\/p>\n","protected":false},"author":1,"featured_media":0,"parent":169,"menu_order":5,"comment_status":"closed","ping_status":"closed","template":"","meta":{"footnotes":""},"class_list":["post-172","page","type-page","status-publish","hentry"],"_links":{"self":[{"href":"https:\/\/www.heshallcome.com\/de\/wp-json\/wp\/v2\/pages\/172","targetHints":{"allow":["GET"]}}],"collection":[{"href":"https:\/\/www.heshallcome.com\/de\/wp-json\/wp\/v2\/pages"}],"about":[{"href":"https:\/\/www.heshallcome.com\/de\/wp-json\/wp\/v2\/types\/page"}],"author":[{"embeddable":true,"href":"https:\/\/www.heshallcome.com\/de\/wp-json\/wp\/v2\/users\/1"}],"replies":[{"embeddable":true,"href":"https:\/\/www.heshallcome.com\/de\/wp-json\/wp\/v2\/comments?post=172"}],"version-history":[{"count":1,"href":"https:\/\/www.heshallcome.com\/de\/wp-json\/wp\/v2\/pages\/172\/revisions"}],"predecessor-version":[{"id":173,"href":"https:\/\/www.heshallcome.com\/de\/wp-json\/wp\/v2\/pages\/172\/revisions\/173"}],"up":[{"embeddable":true,"href":"https:\/\/www.heshallcome.com\/de\/wp-json\/wp\/v2\/pages\/169"}],"wp:attachment":[{"href":"https:\/\/www.heshallcome.com\/de\/wp-json\/wp\/v2\/media?parent=172"}],"curies":[{"name":"wp","href":"https:\/\/api.w.org\/{rel}","templated":true}]}}