{"id":15,"date":"2015-05-09T12:37:03","date_gmt":"2015-05-09T12:37:03","guid":{"rendered":"https:\/\/www.heshallcome.com\/de\/?page_id=15"},"modified":"2015-06-14T12:34:46","modified_gmt":"2015-06-14T12:34:46","slug":"uber-einen-2","status":"publish","type":"page","link":"https:\/\/www.heshallcome.com\/de\/","title":{"rendered":"\u00dcber Einen"},"content":{"rendered":"<p style=\"text-align: justify;\">Es geht hier \u00fcberall um den EINEN, den Urheber des Lebens, den verworfenen Stein, den F\u00fcrst des Friedens, Dessen Name Wunderbarer ist, der Heilige Israels, der gute Hirte, der Weg, die Wahrheit und das Leben. Der K\u00f6nig der K\u00f6nige und HErr der Herren, Gott gepriesen in Ewigkeit, Jesus der Christus. Ohne Ihn haben Sie nichts au\u00dfer ewiger Qual in der H\u00f6lle &#8212; wegen Ihrer s\u00fcndhaften Natur. Nehmen Sie Ihr Leben nicht als selbstverst\u00e4ndlich hin; alles was Sie sehen, ist nur f\u00fcr eine kurze Zeit und wird dann verschwinden. Was k\u00fcmmern Sie sich \u00fcberhaupt um alles M\u00f6gliche, aber nicht um Ihr eigenes Leben, das jeden Augenblick zu Ende sein kann? Jedoch wird dieses nicht das Ende sein, denn danach wird es gem\u00e4\u00df der Bibel ein gerechtes Gericht f\u00fcr Sie geben. Wie furchtbar! Daher lieber S\u00fcnder, in aller Liebe: Ist ER Ihr pers\u00f6nlicher Erretter? Wenn nicht, dann sind Sie in \u00e4u\u00dferster Gefahr. Aber ich bin froh, Ihnen zu sagen, dass es in Ihm Hoffnung gibt &#8212; weil ER niemals einen herzzerbrochenen S\u00fcnder ablehnt, der wegen seiner S\u00fcnden ernsthaft besorgt ist. Kommen Sie zu Ihm mit Ihrer ganzen Last; vertrauen Sie Ihm, der m\u00e4chtig ist zu erretten. Tun Sie Bu\u00dfe, d.h. denken Sie um, indem Sie nicht auf sich selbst vertrauen sondern auf Sein vollkommenes und vollendetes Werk am Kreuz von Golgatha, und glauben Sie an die gute Botschaft &#8212; ja, gerade heute, denn das K\u00f6nigreich Gottes ist nahe. ER wird\u00a0kommen\u00a0und nicht verziehen.<\/p>\n","protected":false},"excerpt":{"rendered":"<p>Es geht hier \u00fcberall um den EINEN, den Urheber des Lebens, den verworfenen Stein, den F\u00fcrst des Friedens, Dessen Name Wunderbarer ist, der Heilige Israels, der gute Hirte, der Weg, die Wahrheit und das Leben. Der K\u00f6nig der K\u00f6nige und HErr der Herren, Gott gepriesen in Ewigkeit, Jesus der Christus. Ohne Ihn haben Sie nichts &hellip; <a href=\"https:\/\/www.heshallcome.com\/de\/\" class=\"more-link\"><span class=\"screen-reader-text\">\u00dcber Einen<\/span> weiterlesen <span class=\"meta-nav\">&rarr;<\/span><\/a><\/p>\n","protected":false},"author":1,"featured_media":0,"parent":0,"menu_order":0,"comment_status":"closed","ping_status":"closed","template":"","meta":{"footnotes":""},"class_list":["post-15","page","type-page","status-publish","hentry"],"_links":{"self":[{"href":"https:\/\/www.heshallcome.com\/de\/wp-json\/wp\/v2\/pages\/15","targetHints":{"allow":["GET"]}}],"collection":[{"href":"https:\/\/www.heshallcome.com\/de\/wp-json\/wp\/v2\/pages"}],"about":[{"href":"https:\/\/www.heshallcome.com\/de\/wp-json\/wp\/v2\/types\/page"}],"author":[{"embeddable":true,"href":"https:\/\/www.heshallcome.com\/de\/wp-json\/wp\/v2\/users\/1"}],"replies":[{"embeddable":true,"href":"https:\/\/www.heshallcome.com\/de\/wp-json\/wp\/v2\/comments?post=15"}],"version-history":[{"count":4,"href":"https:\/\/www.heshallcome.com\/de\/wp-json\/wp\/v2\/pages\/15\/revisions"}],"predecessor-version":[{"id":40,"href":"https:\/\/www.heshallcome.com\/de\/wp-json\/wp\/v2\/pages\/15\/revisions\/40"}],"wp:attachment":[{"href":"https:\/\/www.heshallcome.com\/de\/wp-json\/wp\/v2\/media?parent=15"}],"curies":[{"name":"wp","href":"https:\/\/api.w.org\/{rel}","templated":true}]}}