{"id":141,"date":"2016-04-28T15:58:10","date_gmt":"2016-04-28T15:58:10","guid":{"rendered":"https:\/\/www.heshallcome.com\/de\/?page_id=141"},"modified":"2016-04-28T15:58:10","modified_gmt":"2016-04-28T15:58:10","slug":"die-gottlichkeit-gottes","status":"publish","type":"page","link":"https:\/\/www.heshallcome.com\/de\/highlights\/die-gottlichkeit-gottes\/","title":{"rendered":"Die G\u00f6ttlichkeit Gottes"},"content":{"rendered":"<p>Was wissen wir \u00fcber die Eigenschaften Gottes? &#8212; Wer ist ER?<\/p>\n<p><a href=\"https:\/\/www.heshallcome.com\/de\/wp-content\/uploads\/sites\/4\/2016\/04\/ARTH6029_DE.pdf\"rel=\"\">PDF herunterladen<\/a><\/p>\n<p>geschrieben von: Percy W. Heward<\/p>\n<p>ID: ARTH6029<br \/>\nGr\u00f6\u00dfe: 2MB<\/p>\n","protected":false},"excerpt":{"rendered":"<p>Was wissen wir \u00fcber die Eigenschaften Gottes? &#8212; Wer ist ER? PDF herunterladen geschrieben von: Percy W. Heward ID: ARTH6029 Gr\u00f6\u00dfe: 2MB<\/p>\n","protected":false},"author":1,"featured_media":0,"parent":19,"menu_order":2,"comment_status":"closed","ping_status":"closed","template":"","meta":{"footnotes":""},"class_list":["post-141","page","type-page","status-publish","hentry"],"_links":{"self":[{"href":"https:\/\/www.heshallcome.com\/de\/wp-json\/wp\/v2\/pages\/141","targetHints":{"allow":["GET"]}}],"collection":[{"href":"https:\/\/www.heshallcome.com\/de\/wp-json\/wp\/v2\/pages"}],"about":[{"href":"https:\/\/www.heshallcome.com\/de\/wp-json\/wp\/v2\/types\/page"}],"author":[{"embeddable":true,"href":"https:\/\/www.heshallcome.com\/de\/wp-json\/wp\/v2\/users\/1"}],"replies":[{"embeddable":true,"href":"https:\/\/www.heshallcome.com\/de\/wp-json\/wp\/v2\/comments?post=141"}],"version-history":[{"count":1,"href":"https:\/\/www.heshallcome.com\/de\/wp-json\/wp\/v2\/pages\/141\/revisions"}],"predecessor-version":[{"id":142,"href":"https:\/\/www.heshallcome.com\/de\/wp-json\/wp\/v2\/pages\/141\/revisions\/142"}],"up":[{"embeddable":true,"href":"https:\/\/www.heshallcome.com\/de\/wp-json\/wp\/v2\/pages\/19"}],"wp:attachment":[{"href":"https:\/\/www.heshallcome.com\/de\/wp-json\/wp\/v2\/media?parent=141"}],"curies":[{"name":"wp","href":"https:\/\/api.w.org\/{rel}","templated":true}]}}