{"id":110,"date":"2016-04-17T16:44:54","date_gmt":"2016-04-17T16:44:54","guid":{"rendered":"https:\/\/www.heshallcome.com\/de\/?page_id=110"},"modified":"2016-04-17T16:44:54","modified_gmt":"2016-04-17T16:44:54","slug":"das-von-gott-entworfene-leben","status":"publish","type":"page","link":"https:\/\/www.heshallcome.com\/de\/artikel\/verschiedenes\/das-von-gott-entworfene-leben\/","title":{"rendered":"Das von Gott entworfene Leben"},"content":{"rendered":"<p>Gottes Plan f\u00fcr Seine Kinder.<\/p>\n<p><a href=\"https:\/\/www.heshallcome.com\/de\/wp-content\/uploads\/sites\/4\/2016\/04\/ARXXDESIGHN_DE.pdf\"rel=\"\">PDF herunterladen<\/a><\/p>\n<p>ID: ARXXDESIGHN<br \/>\nGr\u00f6\u00dfe: 3MB<\/p>\n","protected":false},"excerpt":{"rendered":"<p>Gottes Plan f\u00fcr Seine Kinder. PDF herunterladen ID: ARXXDESIGHN Gr\u00f6\u00dfe: 3MB<\/p>\n","protected":false},"author":1,"featured_media":0,"parent":66,"menu_order":10,"comment_status":"closed","ping_status":"closed","template":"","meta":{"footnotes":""},"class_list":["post-110","page","type-page","status-publish","hentry"],"_links":{"self":[{"href":"https:\/\/www.heshallcome.com\/de\/wp-json\/wp\/v2\/pages\/110","targetHints":{"allow":["GET"]}}],"collection":[{"href":"https:\/\/www.heshallcome.com\/de\/wp-json\/wp\/v2\/pages"}],"about":[{"href":"https:\/\/www.heshallcome.com\/de\/wp-json\/wp\/v2\/types\/page"}],"author":[{"embeddable":true,"href":"https:\/\/www.heshallcome.com\/de\/wp-json\/wp\/v2\/users\/1"}],"replies":[{"embeddable":true,"href":"https:\/\/www.heshallcome.com\/de\/wp-json\/wp\/v2\/comments?post=110"}],"version-history":[{"count":1,"href":"https:\/\/www.heshallcome.com\/de\/wp-json\/wp\/v2\/pages\/110\/revisions"}],"predecessor-version":[{"id":112,"href":"https:\/\/www.heshallcome.com\/de\/wp-json\/wp\/v2\/pages\/110\/revisions\/112"}],"up":[{"embeddable":true,"href":"https:\/\/www.heshallcome.com\/de\/wp-json\/wp\/v2\/pages\/66"}],"wp:attachment":[{"href":"https:\/\/www.heshallcome.com\/de\/wp-json\/wp\/v2\/media?parent=110"}],"curies":[{"name":"wp","href":"https:\/\/api.w.org\/{rel}","templated":true}]}}